{"id":5059,"date":"2024-05-04T17:04:07","date_gmt":"2024-05-04T15:04:07","guid":{"rendered":"https:\/\/sobrecomo-bm.fr\/?page_id=5059"},"modified":"2024-10-17T11:28:37","modified_gmt":"2024-10-17T09:28:37","slug":"nous-rejoindre-2","status":"publish","type":"page","link":"https:\/\/sobrecomo-bm.fr\/index.php\/nous-rejoindre-2\/","title":{"rendered":"Nous rejoindre"},"content":{"rendered":"\t\t<div data-elementor-type=\"wp-page\" data-elementor-id=\"5059\" class=\"elementor elementor-5059\">\n\t\t\t\t<div class=\"elementor-element elementor-element-4f884157 e-flex e-con-boxed e-con e-parent\" data-id=\"4f884157\" data-element_type=\"container\" data-settings=\"{&quot;background_background&quot;:&quot;gradient&quot;,&quot;shape_divider_bottom&quot;:&quot;mountains&quot;}\">\n\t\t\t\t\t<div class=\"e-con-inner\">\n\t\t\t\t<div class=\"elementor-shape elementor-shape-bottom\" data-negative=\"false\">\n\t\t\t<svg xmlns=\"http:\/\/www.w3.org\/2000\/svg\" viewBox=\"0 0 1000 100\" preserveAspectRatio=\"none\">\n\t<path class=\"elementor-shape-fill\" opacity=\"0.33\" d=\"M473,67.3c-203.9,88.3-263.1-34-320.3,0C66,119.1,0,59.7,0,59.7V0h1000v59.7 c0,0-62.1,26.1-94.9,29.3c-32.8,3.3-62.8-12.3-75.8-22.1C806,49.6,745.3,8.7,694.9,4.7S492.4,59,473,67.3z\"\/>\n\t<path class=\"elementor-shape-fill\" opacity=\"0.66\" d=\"M734,67.3c-45.5,0-77.2-23.2-129.1-39.1c-28.6-8.7-150.3-10.1-254,39.1 s-91.7-34.4-149.2,0C115.7,118.3,0,39.8,0,39.8V0h1000v36.5c0,0-28.2-18.5-92.1-18.5C810.2,18.1,775.7,67.3,734,67.3z\"\/>\n\t<path class=\"elementor-shape-fill\" d=\"M766.1,28.9c-200-57.5-266,65.5-395.1,19.5C242,1.8,242,5.4,184.8,20.6C128,35.8,132.3,44.9,89.9,52.5C28.6,63.7,0,0,0,0 h1000c0,0-9.9,40.9-83.6,48.1S829.6,47,766.1,28.9z\"\/>\n<\/svg>\t\t<\/div>\n\t\t\t\t<div class=\"elementor-element elementor-element-1986676 elementor-widget elementor-widget-heading\" data-id=\"1986676\" data-element_type=\"widget\" data-widget_type=\"heading.default\">\n\t\t\t\t<div class=\"elementor-widget-container\">\n\t\t\t<h1 class=\"elementor-heading-title elementor-size-default\">Nous rejoindre<\/h1>\t\t<\/div>\n\t\t\t\t<\/div>\n\t\t\t\t<div class=\"elementor-element elementor-element-15bc0614 elementor-widget elementor-widget-heading\" data-id=\"15bc0614\" data-element_type=\"widget\" data-widget_type=\"heading.default\">\n\t\t\t\t<div class=\"elementor-widget-container\">\n\t\t\t<p class=\"elementor-heading-title elementor-size-default\">\"Envie de rejoindre une \u00e9quipe collaborative et comp\u00e9tente ? <br>Envoyez nous d\u00e8s maintenant votre CV et rejoignez nous !\"<\/p>\t\t<\/div>\n\t\t\t\t<\/div>\n\t\t\t\t\t<\/div>\n\t\t\t\t<\/div>\n\t\t<div class=\"elementor-element elementor-element-e437416 e-flex e-con-boxed e-con e-parent\" data-id=\"e437416\" data-element_type=\"container\">\n\t\t\t\t\t<div class=\"e-con-inner\">\n\t\t<div class=\"elementor-element elementor-element-d39a57b e-con-full e-flex e-con e-child\" data-id=\"d39a57b\" data-element_type=\"container\">\n\t\t\t\t<div class=\"elementor-element elementor-element-2359000 elementor-widget elementor-widget-heading\" data-id=\"2359000\" data-element_type=\"widget\" data-widget_type=\"heading.default\">\n\t\t\t\t<div class=\"elementor-widget-container\">\n\t\t\t<h2 class=\"elementor-heading-title elementor-size-default\">Pourquoi nous rejoindre ?<\/h2>\t\t<\/div>\n\t\t\t\t<\/div>\n\t\t\t\t<div class=\"elementor-element elementor-element-505c0e2 elementor-widget elementor-widget-text-editor\" data-id=\"505c0e2\" data-element_type=\"widget\" data-widget_type=\"text-editor.default\">\n\t\t\t\t<div class=\"elementor-widget-container\">\n\t\t\t\t\t\t\t<p>Pourquoi SOBRECOMO Vannes\/BM St-Av\u00e9 plut\u00f4t qu\u2019une autre entreprise ?<\/p><ul><li>Nous vous offrons l\u2019autonomie n\u00e9cessaire \u00e0 votre \u00e9panouissement.<\/li><li>Nous avons adopt\u00e9 un management bienveillant, avec des relations simples.<\/li><li>Nous respectons votre \u00e9quilibre pro\/perso.<\/li><li>Nous construisons notre collaboration sur du long terme.<\/li><\/ul><p>Alors envoyez-nous votre candidature spontan\u00e9e et rejoignez une entreprise en forte croissance !<\/p>\t\t\t\t\t\t<\/div>\n\t\t\t\t<\/div>\n\t\t\t\t<\/div>\n\t\t<div class=\"elementor-element elementor-element-5a0c2ad e-con-full e-flex e-con e-child\" data-id=\"5a0c2ad\" data-element_type=\"container\">\n\t\t\t\t<div class=\"elementor-element elementor-element-22ab4de elementor-widget elementor-widget-image\" data-id=\"22ab4de\" data-element_type=\"widget\" data-widget_type=\"image.default\">\n\t\t\t\t<div class=\"elementor-widget-container\">\n\t\t\t\t\t\t\t\t\t\t\t\t\t<img fetchpriority=\"high\" decoding=\"async\" width=\"800\" height=\"531\" src=\"https:\/\/sobrecomo-bm.fr\/wp-content\/uploads\/2024\/05\/equipe-cabinet.webp\" class=\"attachment-large size-large wp-image-5311\" alt=\"equipe-cabinet\" srcset=\"https:\/\/sobrecomo-bm.fr\/wp-content\/uploads\/2024\/05\/equipe-cabinet.webp 800w, https:\/\/sobrecomo-bm.fr\/wp-content\/uploads\/2024\/05\/equipe-cabinet-300x199.webp 300w, https:\/\/sobrecomo-bm.fr\/wp-content\/uploads\/2024\/05\/equipe-cabinet-768x510.webp 768w\" sizes=\"(max-width: 800px) 100vw, 800px\" \/>\t\t\t\t\t\t\t\t\t\t\t\t\t<\/div>\n\t\t\t\t<\/div>\n\t\t\t\t<\/div>\n\t\t\t\t\t<\/div>\n\t\t\t\t<\/div>\n\t\t<div class=\"elementor-element elementor-element-7d87b7c7 e-con-full e-flex e-con e-parent\" data-id=\"7d87b7c7\" data-element_type=\"container\" data-settings=\"{&quot;background_background&quot;:&quot;classic&quot;}\">\n\t\t<div class=\"elementor-element elementor-element-39da0020 e-con-full e-flex e-con e-child\" data-id=\"39da0020\" data-element_type=\"container\">\n\t\t\t\t<div class=\"elementor-element elementor-element-260ca411 elementor-widget elementor-widget-heading\" data-id=\"260ca411\" data-element_type=\"widget\" data-widget_type=\"heading.default\">\n\t\t\t\t<div class=\"elementor-widget-container\">\n\t\t\t<h2 class=\"elementor-heading-title elementor-size-default\">Candidature spontan\u00e9e<\/h2>\t\t<\/div>\n\t\t\t\t<\/div>\n\t\t\t\t<div class=\"elementor-element elementor-element-7fc086d6 elementor-widget elementor-widget-text-editor\" data-id=\"7fc086d6\" data-element_type=\"widget\" data-widget_type=\"text-editor.default\">\n\t\t\t\t<div class=\"elementor-widget-container\">\n\t\t\t\t\t\t\t<p>Vous \u00eates \u00e0 la recherche d&rsquo;un poste dans le domaine de la comptabilit\u00e9 ? Envoyez-nous votre candidature spontan\u00e9e en expliquant pourquoi vous postulez chez nous, sans oublier votre CV.\u00a0<\/p>\t\t\t\t\t\t<\/div>\n\t\t\t\t<\/div>\n\t\t\t\t<div class=\"elementor-element elementor-element-43443b1 elementor-icon-list--layout-traditional elementor-list-item-link-full_width elementor-widget elementor-widget-icon-list\" data-id=\"43443b1\" data-element_type=\"widget\" data-widget_type=\"icon-list.default\">\n\t\t\t\t<div class=\"elementor-widget-container\">\n\t\t\t\t\t<ul class=\"elementor-icon-list-items\">\n\t\t\t\t\t\t\t<li class=\"elementor-icon-list-item\">\n\t\t\t\t\t\t\t\t\t\t\t<a href=\"mailto:xxx@sobrecomo-bm.fr\">\n\n\t\t\t\t\t\t\t\t\t\t\t\t<span class=\"elementor-icon-list-icon\">\n\t\t\t\t\t\t\t<svg aria-hidden=\"true\" class=\"e-font-icon-svg e-far-envelope\" viewBox=\"0 0 512 512\" xmlns=\"http:\/\/www.w3.org\/2000\/svg\"><path d=\"M464 64H48C21.49 64 0 85.49 0 112v288c0 26.51 21.49 48 48 48h416c26.51 0 48-21.49 48-48V112c0-26.51-21.49-48-48-48zm0 48v40.805c-22.422 18.259-58.168 46.651-134.587 106.49-16.841 13.247-50.201 45.072-73.413 44.701-23.208.375-56.579-31.459-73.413-44.701C106.18 199.465 70.425 171.067 48 152.805V112h416zM48 400V214.398c22.914 18.251 55.409 43.862 104.938 82.646 21.857 17.205 60.134 55.186 103.062 54.955 42.717.231 80.509-37.199 103.053-54.947 49.528-38.783 82.032-64.401 104.947-82.653V400H48z\"><\/path><\/svg>\t\t\t\t\t\t<\/span>\n\t\t\t\t\t\t\t\t\t\t<span class=\"elementor-icon-list-text\">contact@sobrecomo-vannes.fr<\/span>\n\t\t\t\t\t\t\t\t\t\t\t<\/a>\n\t\t\t\t\t\t\t\t\t<\/li>\n\t\t\t\t\t\t<\/ul>\n\t\t\t\t<\/div>\n\t\t\t\t<\/div>\n\t\t\t\t<\/div>\n\t\t<div class=\"elementor-element elementor-element-706ebcc8 e-con-full e-flex e-con e-child\" data-id=\"706ebcc8\" data-element_type=\"container\">\n\t\t\t\t<div class=\"elementor-element elementor-element-7d6bf81e elementor-widget elementor-widget-image\" data-id=\"7d6bf81e\" data-element_type=\"widget\" data-widget_type=\"image.default\">\n\t\t\t\t<div class=\"elementor-widget-container\">\n\t\t\t\t\t\t\t\t\t\t\t\t\t<img decoding=\"async\" width=\"800\" height=\"444\" src=\"https:\/\/sobrecomo-bm.fr\/wp-content\/uploads\/2024\/05\/Candidature-spontanee.webp\" class=\"attachment-large size-large wp-image-5258\" alt=\"Candidature-spontan\u00e9e Spbrecomo Vannes\" srcset=\"https:\/\/sobrecomo-bm.fr\/wp-content\/uploads\/2024\/05\/Candidature-spontanee.webp 810w, https:\/\/sobrecomo-bm.fr\/wp-content\/uploads\/2024\/05\/Candidature-spontanee-300x167.webp 300w, https:\/\/sobrecomo-bm.fr\/wp-content\/uploads\/2024\/05\/Candidature-spontanee-768x427.webp 768w\" sizes=\"(max-width: 800px) 100vw, 800px\" \/>\t\t\t\t\t\t\t\t\t\t\t\t\t<\/div>\n\t\t\t\t<\/div>\n\t\t\t\t<\/div>\n\t\t\t\t<\/div>\n\t\t\t\t<\/div>\n\t\t","protected":false},"excerpt":{"rendered":"<p>Nous rejoindre \u00ab\u00a0Envie de rejoindre une \u00e9quipe collaborative et comp\u00e9tente ? Envoyez nous d\u00e8s maintenant votre CV et rejoignez nous !\u00a0\u00bb Pourquoi nous rejoindre ? Pourquoi SOBRECOMO Vannes\/BM St-Av\u00e9 plut\u00f4t qu\u2019une autre entreprise ? Nous vous offrons l\u2019autonomie n\u00e9cessaire \u00e0 votre \u00e9panouissement. Nous avons adopt\u00e9 un management bienveillant, avec des relations simples. Nous respectons votre [&hellip;]<\/p>\n","protected":false},"author":1,"featured_media":0,"parent":0,"menu_order":0,"comment_status":"closed","ping_status":"closed","template":"","meta":{"footnotes":""},"class_list":["post-5059","page","type-page","status-publish","hentry"],"_links":{"self":[{"href":"https:\/\/sobrecomo-bm.fr\/index.php\/wp-json\/wp\/v2\/pages\/5059","targetHints":{"allow":["GET"]}}],"collection":[{"href":"https:\/\/sobrecomo-bm.fr\/index.php\/wp-json\/wp\/v2\/pages"}],"about":[{"href":"https:\/\/sobrecomo-bm.fr\/index.php\/wp-json\/wp\/v2\/types\/page"}],"author":[{"embeddable":true,"href":"https:\/\/sobrecomo-bm.fr\/index.php\/wp-json\/wp\/v2\/users\/1"}],"replies":[{"embeddable":true,"href":"https:\/\/sobrecomo-bm.fr\/index.php\/wp-json\/wp\/v2\/comments?post=5059"}],"version-history":[{"count":337,"href":"https:\/\/sobrecomo-bm.fr\/index.php\/wp-json\/wp\/v2\/pages\/5059\/revisions"}],"predecessor-version":[{"id":6536,"href":"https:\/\/sobrecomo-bm.fr\/index.php\/wp-json\/wp\/v2\/pages\/5059\/revisions\/6536"}],"wp:attachment":[{"href":"https:\/\/sobrecomo-bm.fr\/index.php\/wp-json\/wp\/v2\/media?parent=5059"}],"curies":[{"name":"wp","href":"https:\/\/api.w.org\/{rel}","templated":true}]}}